{"id":3,"date":"2025-08-02T04:23:53","date_gmt":"2025-08-02T04:23:53","guid":{"rendered":"http:\/\/agencytok.com\/?page_id=3"},"modified":"2025-08-03T03:09:08","modified_gmt":"2025-08-03T03:09:08","slug":"privacy-policy","status":"publish","type":"page","link":"https:\/\/agencytok.com\/vi\/privacy-policy\/","title":{"rendered":"Ch\u00ednh s\u00e1ch b\u1ea3o m\u1eadt"},"content":{"rendered":"<p>C\u1eadp nh\u1eadt l\u1ea7n cu\u1ed1i: 2025<\/p>\n\n\n\n<p>T\u1ea1i AgencyTok, ch\u00fang t\u00f4i coi tr\u1ecdng quy\u1ec1n ri\u00eang t\u01b0 c\u1ee7a b\u1ea1n v\u00e0 cam k\u1ebft b\u1ea3o v\u1ec7 th\u00f4ng tin c\u00e1 nh\u00e2n c\u1ee7a b\u1ea1n. Ch\u00ednh s\u00e1ch Quy\u1ec1n ri\u00eang t\u01b0 n\u00e0y gi\u1ea3i th\u00edch c\u00e1ch ch\u00fang t\u00f4i thu th\u1eadp, s\u1eed d\u1ee5ng v\u00e0 chia s\u1ebb d\u1eef li\u1ec7u c\u1ee7a b\u1ea1n khi b\u1ea1n truy c\u1eadp trang web ho\u1eb7c s\u1eed d\u1ee5ng d\u1ecbch v\u1ee5 qu\u1ea3ng c\u00e1o c\u1ee7a ch\u00fang t\u00f4i.<\/p>\n\n\n\n<p><\/p>\n\n\n\n<h2 class=\"wp-block-heading\" id=\"information-we-collect\">Th\u00f4ng tin ch\u00fang t\u00f4i thu th\u1eadp<\/h2>\n\n\n\n<p>Ch\u00fang t\u00f4i c\u00f3 th\u1ec3 thu th\u1eadp c\u00e1c lo\u1ea1i th\u00f4ng tin sau:<br>\u2022 Th\u00f4ng tin li\u00ean l\u1ea1c (v\u00ed d\u1ee5: t\u00ean, email, s\u1ed1 \u0111i\u1ec7n tho\u1ea1i)<br>\u2022 Th\u00f4ng tin doanh nghi\u1ec7p (v\u00ed d\u1ee5: t\u00ean th\u01b0\u01a1ng hi\u1ec7u, trang web, ng\u00e0nh)<br>\u2022 D\u1eef li\u1ec7u t\u00e0i kho\u1ea3n qu\u1ea3ng c\u00e1o (v\u00ed d\u1ee5: ID t\u00e0i kho\u1ea3n qu\u1ea3ng c\u00e1o, ID chi\u1ebfn d\u1ecbch, Chi ti\u00eau)<br>\u2022 Cookie v\u00e0 d\u1eef li\u1ec7u s\u1eed d\u1ee5ng t\u1eeb trang web c\u1ee7a ch\u00fang t\u00f4i<\/p>\n\n\n\n<p><\/p>\n\n\n\n<h2 class=\"wp-block-heading\" id=\"how-we-use-your-information\">C\u00e1ch ch\u00fang t\u00f4i s\u1eed d\u1ee5ng th\u00f4ng tin c\u1ee7a b\u1ea1n<\/h2>\n\n\n\n<p>Ch\u00fang t\u00f4i s\u1eed d\u1ee5ng d\u1eef li\u1ec7u c\u1ee7a b\u1ea1n \u0111\u1ec3:<br>\u2022 Cung c\u1ea5p v\u00e0 qu\u1ea3n l\u00fd d\u1ecbch v\u1ee5 qu\u1ea3ng c\u00e1o tr\u00ean TikTok v\u00e0 Facebook<br>\u2022 Li\u00ean l\u1ea1c v\u1edbi b\u1ea1n v\u1ec1 c\u00e1c chi\u1ebfn d\u1ecbch ho\u1eb7c y\u00eau c\u1ea7u<br>\u2022 T\u1ed1i \u01b0u h\u00f3a hi\u1ec7u su\u1ea5t qu\u1ea3ng c\u00e1o v\u00e0 nh\u1eafm m\u1ee5c ti\u00eau<br>\u2022 Tu\u00e2n th\u1ee7 c\u00e1c y\u00eau c\u1ea7u c\u1ee7a ch\u00ednh s\u00e1ch ph\u00e1p l\u00fd ho\u1eb7c n\u1ec1n t\u1ea3ng<\/p>\n\n\n\n<h2 class=\"wp-block-heading\" id=\"third-party-services\">D\u1ecbch v\u1ee5 c\u1ee7a b\u00ean th\u1ee9 ba<\/h2>\n\n\n\n<p>Ch\u00fang t\u00f4i c\u00f3 th\u1ec3 chia s\u1ebb m\u1ed9t s\u1ed1 d\u1eef li\u1ec7u v\u1edbi:<br>\u2022 Qu\u1ea3ng c\u00e1o TikTok, Qu\u1ea3ng c\u00e1o Facebook v\u00e0 c\u00e1c API li\u00ean quan<br>\u2022 N\u1ec1n t\u1ea3ng CRM ho\u1eb7c ph\u00e2n t\u00edch \u0111\u1ec3 theo d\u00f5i hi\u1ec7u su\u1ea5t<br>\u2022 B\u1ed9 x\u1eed l\u00fd thanh to\u00e1n (n\u1ebfu c\u00f3)<\/p>\n\n\n\n<p>Ch\u00fang t\u00f4i kh\u00f4ng bao gi\u1edd b\u00e1n d\u1eef li\u1ec7u c\u1ee7a b\u1ea1n.<\/p>\n\n\n\n<h2 class=\"wp-block-heading\" id=\"cookies-tracking\">Cookie v\u00e0 Theo d\u00f5i<\/h2>\n\n\n\n<p>Trang web c\u1ee7a ch\u00fang t\u00f4i s\u1eed d\u1ee5ng cookie cho:<br>\u2022 Ph\u00e2n t\u00edch kh\u00e1ch truy c\u1eadp (Google Analytics, Facebook Pixel, TikTok Pixel)<br>\u2022 T\u1ed1i \u01b0u h\u00f3a hi\u1ec7u su\u1ea5t trang web<br>B\u1ea1n c\u00f3 th\u1ec3 t\u1eaft cookie b\u1ea5t c\u1ee9 l\u00fac n\u00e0o th\u00f4ng qua c\u00e0i \u0111\u1eb7t tr\u00ecnh duy\u1ec7t c\u1ee7a m\u00ecnh.<\/p>\n\n\n\n<h2 class=\"wp-block-heading\" id=\"your-rights\">Quy\u1ec1n c\u1ee7a b\u1ea1n<\/h2>\n\n\n\n<p>B\u1ea1n c\u00f3 th\u1ec3:<br>\u2022 Y\u00eau c\u1ea7u truy c\u1eadp ho\u1eb7c x\u00f3a d\u1eef li\u1ec7u c\u1ee7a b\u1ea1n<br>\u2022 T\u1eeb ch\u1ed1i ti\u1ebfp th\u1ecb qua email b\u1ea5t c\u1ee9 l\u00fac n\u00e0o<br>\u2022 Li\u00ean h\u1ec7 v\u1edbi ch\u00fang t\u00f4i n\u1ebfu c\u00f3 b\u1ea5t k\u1ef3 c\u00e2u h\u1ecfi n\u00e0o li\u00ean quan \u0111\u1ebfn quy\u1ec1n ri\u00eang t\u01b0<\/p>\n\n\n\n<h2 class=\"wp-block-heading\" id=\"contact-us\">Li\u00ean h\u1ec7 v\u1edbi ch\u00fang t\u00f4i<\/h2>\n\n\n\n<p>N\u1ebfu b\u1ea1n c\u00f3 th\u1eafc m\u1eafc ho\u1eb7c lo ng\u1ea1i v\u1ec1 Ch\u00ednh s\u00e1ch b\u1ea3o m\u1eadt n\u00e0y, vui l\u00f2ng li\u00ean h\u1ec7:<\/p>\n\n\n\n<p>\ud83d\udce7 support@agencytok.com<br>\ud83c\udf10 https:\/\/agencytok.com<\/p>","protected":false},"excerpt":{"rendered":"<p>Last Updated: 2025 At AgencyTok, we value your privacy and are committed to protecting your personal information. This Privacy Policy explains how we collect, use, and share your data when you visit our website or use our advertising services. Information We Collect We may collect the following types of information:\u2022 Contact details (e.g. name, email, [&hellip;]<\/p>","protected":false},"author":1,"featured_media":0,"parent":0,"menu_order":0,"comment_status":"closed","ping_status":"open","template":"","meta":{"_gspb_post_css":"","footnotes":""},"class_list":["post-3","page","type-page","status-publish","hentry"],"blocksy_meta":[],"_links":{"self":[{"href":"https:\/\/agencytok.com\/vi\/wp-json\/wp\/v2\/pages\/3","targetHints":{"allow":["GET"]}}],"collection":[{"href":"https:\/\/agencytok.com\/vi\/wp-json\/wp\/v2\/pages"}],"about":[{"href":"https:\/\/agencytok.com\/vi\/wp-json\/wp\/v2\/types\/page"}],"author":[{"embeddable":true,"href":"https:\/\/agencytok.com\/vi\/wp-json\/wp\/v2\/users\/1"}],"replies":[{"embeddable":true,"href":"https:\/\/agencytok.com\/vi\/wp-json\/wp\/v2\/comments?post=3"}],"version-history":[{"count":4,"href":"https:\/\/agencytok.com\/vi\/wp-json\/wp\/v2\/pages\/3\/revisions"}],"predecessor-version":[{"id":1196,"href":"https:\/\/agencytok.com\/vi\/wp-json\/wp\/v2\/pages\/3\/revisions\/1196"}],"wp:attachment":[{"href":"https:\/\/agencytok.com\/vi\/wp-json\/wp\/v2\/media?parent=3"}],"curies":[{"name":"wp","href":"https:\/\/api.w.org\/{rel}","templated":true}]}}